{"id":51499,"date":"2023-11-29T09:21:37","date_gmt":"2023-11-29T14:21:37","guid":{"rendered":"https:\/\/ellaphotography.ca\/?page_id=51499"},"modified":"2025-10-07T12:00:07","modified_gmt":"2025-10-07T17:00:07","slug":"contact","status":"publish","type":"page","link":"https:\/\/ellaphotography.ca\/fr\/contact\/","title":{"rendered":"Contact me | Ella Photography"},"content":{"rendered":"<div data-elementor-type=\"wp-page\" data-elementor-id=\"51499\" class=\"elementor elementor-51499\" data-elementor-post-type=\"page\">\n\t\t\t\t<div class=\"elementor-element elementor-element-68bbac7 e-flex e-con-boxed e-con e-parent\" data-id=\"68bbac7\" data-element_type=\"container\" data-e-type=\"container\">\n\t\t\t\t\t<div class=\"e-con-inner\">\n\t\t\t\t<div class=\"elementor-element elementor-element-65af9ed elementor-widget elementor-widget-spacer\" data-id=\"65af9ed\" data-element_type=\"widget\" data-e-type=\"widget\" data-widget_type=\"spacer.default\">\n\t\t\t\t\t\t\t<div class=\"elementor-spacer\">\n\t\t\t<div class=\"elementor-spacer-inner\"><\/div>\n\t\t<\/div>\n\t\t\t\t\t\t<\/div>\n\t\t\t\t<div class=\"elementor-element elementor-element-2bc8930 elementor-widget elementor-widget-spacer\" data-id=\"2bc8930\" data-element_type=\"widget\" data-e-type=\"widget\" data-widget_type=\"spacer.default\">\n\t\t\t\t\t\t\t<div class=\"elementor-spacer\">\n\t\t\t<div class=\"elementor-spacer-inner\"><\/div>\n\t\t<\/div>\n\t\t\t\t\t\t<\/div>\n\t\t\t\t<div class=\"elementor-element elementor-element-fa433fe elementor-widget elementor-widget-heading\" data-id=\"fa433fe\" data-element_type=\"widget\" data-e-type=\"widget\" data-widget_type=\"heading.default\">\n\t\t\t\t\t<h2 class=\"elementor-heading-title elementor-size-default\">CONTACTEZ-MOI<\/h2>\t\t\t\t<\/div>\n\t\t\t\t\t<\/div>\n\t\t\t\t<\/div>\n\t\t\t\t<section class=\"elementor-section elementor-top-section elementor-element elementor-element-9afe07f elementor-section-height-min-height elementor-section-items-top elementor-section-boxed elementor-section-height-default\" data-id=\"9afe07f\" data-element_type=\"section\" data-e-type=\"section\" data-settings=\"{&quot;background_background&quot;:&quot;classic&quot;}\">\n\t\t\t\t\t\t<div class=\"elementor-container elementor-column-gap-default\">\n\t\t\t\t\t<div class=\"elementor-column elementor-col-100 elementor-top-column elementor-element elementor-element-c35c40d\" data-id=\"c35c40d\" data-element_type=\"column\" data-e-type=\"column\">\n\t\t\t<div class=\"elementor-widget-wrap elementor-element-populated\">\n\t\t\t\t\t\t<div class=\"elementor-element elementor-element-29c6a6e elementor-widget elementor-widget-spacer\" data-id=\"29c6a6e\" data-element_type=\"widget\" data-e-type=\"widget\" data-widget_type=\"spacer.default\">\n\t\t\t\t\t\t\t<div class=\"elementor-spacer\">\n\t\t\t<div class=\"elementor-spacer-inner\"><\/div>\n\t\t<\/div>\n\t\t\t\t\t\t<\/div>\n\t\t\t\t<div class=\"elementor-element elementor-element-559ea56 elementor-widget elementor-widget-text-editor\" data-id=\"559ea56\" data-element_type=\"widget\" data-e-type=\"widget\" data-widget_type=\"text-editor.default\">\n\t\t\t\t\t\t\t\t\t<p>Vous avez des questions ? Je suis pr\u00eate \u00e0 y r\u00e9pondre. D\u00e9couvrez si je suis tout ce dont vous voulez ! Si vous n'obtenez pas de r\u00e9ponse dans les 24 heures, n'h\u00e9sitez pas \u00e0 me recontacter car, parfois, le serveur ne fonctionne pas toujours parfaitement. A bient\u00f4t ! Voici mon adresse \u00e9lectronique directe, au cas o\u00f9 vous en auriez besoin : <strong>info@ellaphotography.ca<\/strong><\/p>\t\t\t\t\t\t\t\t<\/div>\n\t\t\t\t\t<\/div>\n\t\t<\/div>\n\t\t\t\t\t<\/div>\n\t\t<\/section>\n\t\t<div class=\"elementor-element elementor-element-dc3a308 e-con-full e-flex e-con e-parent\" data-id=\"dc3a308\" data-element_type=\"container\" data-e-type=\"container\" data-settings=\"{&quot;background_background&quot;:&quot;classic&quot;}\">\n\t\t<div class=\"elementor-element elementor-element-0bdba9c e-con-full e-flex e-con e-child\" data-id=\"0bdba9c\" data-element_type=\"container\" data-e-type=\"container\" data-settings=\"{&quot;background_background&quot;:&quot;classic&quot;}\">\n\t\t\t\t<\/div>\n\t\t<div class=\"elementor-element elementor-element-ee21d67 e-con-full e-flex e-con e-child\" data-id=\"ee21d67\" data-element_type=\"container\" data-e-type=\"container\">\n\t\t\t\t<div class=\"elementor-element elementor-element-b01619e elementor-widget elementor-widget-html\" data-id=\"b01619e\" data-element_type=\"widget\" data-e-type=\"widget\" data-widget_type=\"html.default\">\n\t\t\t\t\t<div data-bloom-form-id=\"vn8d2633p7oq6\" style=\"width:100%\">\n  <script>\n    window.bloomSettings = { userId: \"pk37o4pne9qwz\", profileId: \"38kd5mkoo9wvr\" };\n    if(void 0===bloomScript){var bloomScript=document.createElement(\"script\");bloomScript.async=!0,fetch(\"https:\/\/code.bloom.io\/version?t=\"+Date.now()).then(function(t){return t.text()}).then(function(t){bloomScript.src=\"https:\/\/code.bloom.io\/widget.js?v=\"+t,document.head.appendChild(bloomScript)})}\n  <\/script>\n<\/div>\t\t\t\t<\/div>\n\t\t\t\t<\/div>\n\t\t<div class=\"elementor-element elementor-element-ba2c1ab e-con-full e-flex e-con e-child\" data-id=\"ba2c1ab\" data-element_type=\"container\" data-e-type=\"container\">\n\t\t\t\t<\/div>\n\t\t\t\t<\/div>\n\t\t\t\t<section class=\"elementor-section elementor-top-section elementor-element elementor-element-2b1eda9 elementor-section-boxed elementor-section-height-default elementor-section-height-default\" data-id=\"2b1eda9\" data-element_type=\"section\" data-e-type=\"section\" data-settings=\"{&quot;background_background&quot;:&quot;classic&quot;}\">\n\t\t\t\t\t\t<div class=\"elementor-container elementor-column-gap-default\">\n\t\t\t\t\t<div class=\"elementor-column elementor-col-33 elementor-top-column elementor-element elementor-element-9444d58\" data-id=\"9444d58\" data-element_type=\"column\" data-e-type=\"column\">\n\t\t\t<div class=\"elementor-widget-wrap\">\n\t\t\t\t\t\t\t<\/div>\n\t\t<\/div>\n\t\t\t\t<div class=\"elementor-column elementor-col-33 elementor-top-column elementor-element elementor-element-3b86350\" data-id=\"3b86350\" data-element_type=\"column\" data-e-type=\"column\">\n\t\t\t<div class=\"elementor-widget-wrap elementor-element-populated\">\n\t\t\t\t\t\t<div class=\"elementor-element elementor-element-8b2ff44 elementor-widget elementor-widget-spacer\" data-id=\"8b2ff44\" data-element_type=\"widget\" data-e-type=\"widget\" data-widget_type=\"spacer.default\">\n\t\t\t\t\t\t\t<div class=\"elementor-spacer\">\n\t\t\t<div class=\"elementor-spacer-inner\"><\/div>\n\t\t<\/div>\n\t\t\t\t\t\t<\/div>\n\t\t\t\t<div class=\"elementor-element elementor-element-fd83cc9 elementor-widget elementor-widget-text-editor\" data-id=\"fd83cc9\" data-element_type=\"widget\" data-e-type=\"widget\" data-widget_type=\"text-editor.default\">\n\t\t\t\t\t\t\t\t\tIci, vous n'avez pas \u00e0 craindre d'\u00eatre trait\u00e9 autrement qu'avec respect. Chacun est invit\u00e9 \u00e0 venir tel qu'il est.\n\u00c0 bient\u00f4t.\t\t\t\t\t\t\t\t<\/div>\n\t\t\t\t<div class=\"elementor-element elementor-element-7ce4821 elementor-widget elementor-widget-spacer\" data-id=\"7ce4821\" data-element_type=\"widget\" data-e-type=\"widget\" data-widget_type=\"spacer.default\">\n\t\t\t\t\t\t\t<div class=\"elementor-spacer\">\n\t\t\t<div class=\"elementor-spacer-inner\"><\/div>\n\t\t<\/div>\n\t\t\t\t\t\t<\/div>\n\t\t\t\t\t<\/div>\n\t\t<\/div>\n\t\t\t\t<div class=\"elementor-column elementor-col-33 elementor-top-column elementor-element elementor-element-ff4702f\" data-id=\"ff4702f\" data-element_type=\"column\" data-e-type=\"column\">\n\t\t\t<div class=\"elementor-widget-wrap\">\n\t\t\t\t\t\t\t<\/div>\n\t\t<\/div>\n\t\t\t\t\t<\/div>\n\t\t<\/section>\n\t\t\t\t<section class=\"elementor-section elementor-top-section elementor-element elementor-element-144c585 elementor-section-full_width elementor-section-height-default elementor-section-height-default\" data-id=\"144c585\" data-element_type=\"section\" data-e-type=\"section\" data-settings=\"{&quot;background_background&quot;:&quot;classic&quot;}\">\n\t\t\t\t\t\t<div class=\"elementor-container elementor-column-gap-default\">\n\t\t\t\t\t<div class=\"elementor-column elementor-col-100 elementor-top-column elementor-element elementor-element-e1899c0\" data-id=\"e1899c0\" data-element_type=\"column\" data-e-type=\"column\">\n\t\t\t<div class=\"elementor-widget-wrap elementor-element-populated\">\n\t\t\t\t\t\t<div class=\"elementor-element elementor-element-7b92f91 elementor-widget elementor-widget-image\" data-id=\"7b92f91\" data-element_type=\"widget\" data-e-type=\"widget\" data-widget_type=\"image.default\">\n\t\t\t\t\t\t\t\t\t\t\t\t\t\t\t<img fetchpriority=\"high\" decoding=\"async\" width=\"2048\" height=\"1367\" src=\"https:\/\/ellaphotography.ca\/wp-content\/uploads\/2023\/11\/348836835_557991146521711_682248785186130533_n.jpg\" class=\"attachment-full size-full wp-image-51511\" alt=\"\" srcset=\"https:\/\/ellaphotography.ca\/wp-content\/uploads\/2023\/11\/348836835_557991146521711_682248785186130533_n.jpg 2048w, https:\/\/ellaphotography.ca\/wp-content\/uploads\/2023\/11\/348836835_557991146521711_682248785186130533_n-300x200.jpg 300w, https:\/\/ellaphotography.ca\/wp-content\/uploads\/2023\/11\/348836835_557991146521711_682248785186130533_n-1024x684.jpg 1024w, https:\/\/ellaphotography.ca\/wp-content\/uploads\/2023\/11\/348836835_557991146521711_682248785186130533_n-768x513.jpg 768w, https:\/\/ellaphotography.ca\/wp-content\/uploads\/2023\/11\/348836835_557991146521711_682248785186130533_n-1536x1025.jpg 1536w, https:\/\/ellaphotography.ca\/wp-content\/uploads\/2023\/11\/348836835_557991146521711_682248785186130533_n-500x334.jpg 500w, https:\/\/ellaphotography.ca\/wp-content\/uploads\/2023\/11\/348836835_557991146521711_682248785186130533_n-600x400.jpg 600w\" sizes=\"(max-width: 2048px) 100vw, 2048px\" \/>\t\t\t\t\t\t\t\t\t\t\t\t\t\t\t<\/div>\n\t\t\t\t\t<\/div>\n\t\t<\/div>\n\t\t\t\t\t<\/div>\n\t\t<\/section>\n\t\t\t\t<\/div>","protected":false},"excerpt":{"rendered":"<p>CONTACT Have questions? I&#8217;m ready to answer them. See if I am everything you need! Fill out the form below. If you don&#8217;t get an answer within 24 hours, feel free to contact me again as, sometimes, the server doesn&#8217;t always work perfectly. Talk to you soon! Here is my direct email, in case you [&hellip;]<\/p>\n","protected":false},"author":6,"featured_media":0,"parent":0,"menu_order":0,"comment_status":"closed","ping_status":"closed","template":"elementor_header_footer","meta":{"nf_dc_page":"","footnotes":""},"class_list":["post-51499","page","type-page","status-publish","hentry"],"yoast_head":"<!-- This site is optimized with the Yoast SEO plugin v27.4 - https:\/\/yoast.com\/product\/yoast-seo-wordpress\/ -->\n<title>Contact me | Ella Photography | Ella Photography (Isabella Rosa) | Montreal Photographer<\/title>\n<meta name=\"robots\" content=\"index, follow, max-snippet:-1, max-image-preview:large, max-video-preview:-1\" \/>\n<link rel=\"canonical\" href=\"https:\/\/ellaphotography.ca\/fr\/contact\/\" \/>\n<meta property=\"og:locale\" content=\"fr_CA\" \/>\n<meta property=\"og:type\" content=\"article\" \/>\n<meta property=\"og:title\" content=\"Contact me | Ella Photography | Ella Photography (Isabella Rosa) | Montreal Photographer\" \/>\n<meta property=\"og:description\" content=\"CONTACT Have questions? I&#8217;m ready to answer them. See if I am everything you need! Fill out the form below. If you don&#8217;t get an answer within 24 hours, feel free to contact me again as, sometimes, the server doesn&#8217;t always work perfectly. Talk to you soon! Here is my direct email, in case you [&hellip;]\" \/>\n<meta property=\"og:url\" content=\"https:\/\/ellaphotography.ca\/fr\/contact\/\" \/>\n<meta property=\"og:site_name\" content=\"Ella Photography (Isabella Rosa) | Montreal Photographer\" \/>\n<meta property=\"article:modified_time\" content=\"2025-10-07T17:00:07+00:00\" \/>\n<meta property=\"og:image\" content=\"https:\/\/ellaphotography.ca\/wp-content\/uploads\/2023\/11\/348836835_557991146521711_682248785186130533_n.jpg\" \/>\n\t<meta property=\"og:image:width\" content=\"2048\" \/>\n\t<meta property=\"og:image:height\" content=\"1367\" \/>\n\t<meta property=\"og:image:type\" content=\"image\/jpeg\" \/>\n<meta name=\"twitter:card\" content=\"summary_large_image\" \/>\n<meta name=\"twitter:label1\" content=\"Estimation du temps de lecture\" \/>\n\t<meta name=\"twitter:data1\" content=\"1 minute\" \/>\n<script type=\"application\/ld+json\" class=\"yoast-schema-graph\">{\"@context\":\"https:\\\/\\\/schema.org\",\"@graph\":[{\"@type\":\"WebPage\",\"@id\":\"https:\\\/\\\/ellaphotography.ca\\\/contact\\\/\",\"url\":\"https:\\\/\\\/ellaphotography.ca\\\/contact\\\/\",\"name\":\"Contact me | Ella Photography | Ella Photography (Isabella Rosa) | Montreal Photographer\",\"isPartOf\":{\"@id\":\"https:\\\/\\\/ellaphotography.ca\\\/#website\"},\"primaryImageOfPage\":{\"@id\":\"https:\\\/\\\/ellaphotography.ca\\\/contact\\\/#primaryimage\"},\"image\":{\"@id\":\"https:\\\/\\\/ellaphotography.ca\\\/contact\\\/#primaryimage\"},\"thumbnailUrl\":\"https:\\\/\\\/ellaphotography.ca\\\/wp-content\\\/uploads\\\/2023\\\/11\\\/348836835_557991146521711_682248785186130533_n.jpg\",\"datePublished\":\"2023-11-29T14:21:37+00:00\",\"dateModified\":\"2025-10-07T17:00:07+00:00\",\"breadcrumb\":{\"@id\":\"https:\\\/\\\/ellaphotography.ca\\\/contact\\\/#breadcrumb\"},\"inLanguage\":\"fr-CA\",\"potentialAction\":[{\"@type\":\"ReadAction\",\"target\":[\"https:\\\/\\\/ellaphotography.ca\\\/contact\\\/\"]}]},{\"@type\":\"ImageObject\",\"inLanguage\":\"fr-CA\",\"@id\":\"https:\\\/\\\/ellaphotography.ca\\\/contact\\\/#primaryimage\",\"url\":\"https:\\\/\\\/ellaphotography.ca\\\/wp-content\\\/uploads\\\/2023\\\/11\\\/348836835_557991146521711_682248785186130533_n.jpg\",\"contentUrl\":\"https:\\\/\\\/ellaphotography.ca\\\/wp-content\\\/uploads\\\/2023\\\/11\\\/348836835_557991146521711_682248785186130533_n.jpg\"},{\"@type\":\"BreadcrumbList\",\"@id\":\"https:\\\/\\\/ellaphotography.ca\\\/contact\\\/#breadcrumb\",\"itemListElement\":[{\"@type\":\"ListItem\",\"position\":1,\"name\":\"Home\",\"item\":\"https:\\\/\\\/ellaphotography.ca\\\/\"},{\"@type\":\"ListItem\",\"position\":2,\"name\":\"Contact me | Ella Photography\"}]},{\"@type\":\"WebSite\",\"@id\":\"https:\\\/\\\/ellaphotography.ca\\\/#website\",\"url\":\"https:\\\/\\\/ellaphotography.ca\\\/\",\"name\":\"Ella Photography (Isabella Rosa) | Montreal Photographer\",\"description\":\"Montreal&#039;s top-rated wedding and boudoir photographer. Isabella specializes in creating natural, authentic photography that captures your most precious memories. With a reputation for warmth and approachability, She makes clients feel comfortable and confident instantly, delivering timeless images you&#039;ll treasure for years.\",\"publisher\":{\"@id\":\"https:\\\/\\\/ellaphotography.ca\\\/#organization\"},\"potentialAction\":[{\"@type\":\"SearchAction\",\"target\":{\"@type\":\"EntryPoint\",\"urlTemplate\":\"https:\\\/\\\/ellaphotography.ca\\\/?s={search_term_string}\"},\"query-input\":{\"@type\":\"PropertyValueSpecification\",\"valueRequired\":true,\"valueName\":\"search_term_string\"}}],\"inLanguage\":\"fr-CA\"},{\"@type\":\"Organization\",\"@id\":\"https:\\\/\\\/ellaphotography.ca\\\/#organization\",\"name\":\"Ella Photography\",\"alternateName\":\"Isabella Rosa Photographer\",\"url\":\"https:\\\/\\\/ellaphotography.ca\\\/\",\"logo\":{\"@type\":\"ImageObject\",\"inLanguage\":\"fr-CA\",\"@id\":\"https:\\\/\\\/ellaphotography.ca\\\/#\\\/schema\\\/logo\\\/image\\\/\",\"url\":\"https:\\\/\\\/ellaphotography.ca\\\/wp-content\\\/uploads\\\/2019\\\/03\\\/Logo_ellaphotography.png\",\"contentUrl\":\"https:\\\/\\\/ellaphotography.ca\\\/wp-content\\\/uploads\\\/2019\\\/03\\\/Logo_ellaphotography.png\",\"width\":208,\"height\":221,\"caption\":\"Ella Photography\"},\"image\":{\"@id\":\"https:\\\/\\\/ellaphotography.ca\\\/#\\\/schema\\\/logo\\\/image\\\/\"},\"sameAs\":[\"http:\\\/\\\/instagram.com\\\/ellaphotography.ca\"]}]}<\/script>\n<!-- \/ Yoast SEO plugin. -->","yoast_head_json":{"title":"Contact me | Ella Photography | Ella Photography (Isabella Rosa) | Montreal Photographer","robots":{"index":"index","follow":"follow","max-snippet":"max-snippet:-1","max-image-preview":"max-image-preview:large","max-video-preview":"max-video-preview:-1"},"canonical":"https:\/\/ellaphotography.ca\/fr\/contact\/","og_locale":"fr_CA","og_type":"article","og_title":"Contact me | Ella Photography | Ella Photography (Isabella Rosa) | Montreal Photographer","og_description":"CONTACT Have questions? I&#8217;m ready to answer them. See if I am everything you need! Fill out the form below. If you don&#8217;t get an answer within 24 hours, feel free to contact me again as, sometimes, the server doesn&#8217;t always work perfectly. Talk to you soon! Here is my direct email, in case you [&hellip;]","og_url":"https:\/\/ellaphotography.ca\/fr\/contact\/","og_site_name":"Ella Photography (Isabella Rosa) | Montreal Photographer","article_modified_time":"2025-10-07T17:00:07+00:00","og_image":[{"width":2048,"height":1367,"url":"https:\/\/ellaphotography.ca\/wp-content\/uploads\/2023\/11\/348836835_557991146521711_682248785186130533_n.jpg","type":"image\/jpeg"}],"twitter_card":"summary_large_image","twitter_misc":{"Estimation du temps de lecture":"1 minute"},"schema":{"@context":"https:\/\/schema.org","@graph":[{"@type":"WebPage","@id":"https:\/\/ellaphotography.ca\/contact\/","url":"https:\/\/ellaphotography.ca\/contact\/","name":"Contact me | Ella Photography | Ella Photography (Isabella Rosa) | Montreal Photographer","isPartOf":{"@id":"https:\/\/ellaphotography.ca\/#website"},"primaryImageOfPage":{"@id":"https:\/\/ellaphotography.ca\/contact\/#primaryimage"},"image":{"@id":"https:\/\/ellaphotography.ca\/contact\/#primaryimage"},"thumbnailUrl":"https:\/\/ellaphotography.ca\/wp-content\/uploads\/2023\/11\/348836835_557991146521711_682248785186130533_n.jpg","datePublished":"2023-11-29T14:21:37+00:00","dateModified":"2025-10-07T17:00:07+00:00","breadcrumb":{"@id":"https:\/\/ellaphotography.ca\/contact\/#breadcrumb"},"inLanguage":"fr-CA","potentialAction":[{"@type":"ReadAction","target":["https:\/\/ellaphotography.ca\/contact\/"]}]},{"@type":"ImageObject","inLanguage":"fr-CA","@id":"https:\/\/ellaphotography.ca\/contact\/#primaryimage","url":"https:\/\/ellaphotography.ca\/wp-content\/uploads\/2023\/11\/348836835_557991146521711_682248785186130533_n.jpg","contentUrl":"https:\/\/ellaphotography.ca\/wp-content\/uploads\/2023\/11\/348836835_557991146521711_682248785186130533_n.jpg"},{"@type":"BreadcrumbList","@id":"https:\/\/ellaphotography.ca\/contact\/#breadcrumb","itemListElement":[{"@type":"ListItem","position":1,"name":"Home","item":"https:\/\/ellaphotography.ca\/"},{"@type":"ListItem","position":2,"name":"Contact me | Ella Photography"}]},{"@type":"WebSite","@id":"https:\/\/ellaphotography.ca\/#website","url":"https:\/\/ellaphotography.ca\/","name":"Ella Photography (Isabella Rosa) | Montreal Photographer","description":"Montreal&#039;s top-rated wedding and boudoir photographer. Isabella specializes in creating natural, authentic photography that captures your most precious memories. With a reputation for warmth and approachability, She makes clients feel comfortable and confident instantly, delivering timeless images you&#039;ll treasure for years.","publisher":{"@id":"https:\/\/ellaphotography.ca\/#organization"},"potentialAction":[{"@type":"SearchAction","target":{"@type":"EntryPoint","urlTemplate":"https:\/\/ellaphotography.ca\/?s={search_term_string}"},"query-input":{"@type":"PropertyValueSpecification","valueRequired":true,"valueName":"search_term_string"}}],"inLanguage":"fr-CA"},{"@type":"Organization","@id":"https:\/\/ellaphotography.ca\/#organization","name":"Ella Photography","alternateName":"Isabella Rosa Photographer","url":"https:\/\/ellaphotography.ca\/","logo":{"@type":"ImageObject","inLanguage":"fr-CA","@id":"https:\/\/ellaphotography.ca\/#\/schema\/logo\/image\/","url":"https:\/\/ellaphotography.ca\/wp-content\/uploads\/2019\/03\/Logo_ellaphotography.png","contentUrl":"https:\/\/ellaphotography.ca\/wp-content\/uploads\/2019\/03\/Logo_ellaphotography.png","width":208,"height":221,"caption":"Ella Photography"},"image":{"@id":"https:\/\/ellaphotography.ca\/#\/schema\/logo\/image\/"},"sameAs":["http:\/\/instagram.com\/ellaphotography.ca"]}]}},"_links":{"self":[{"href":"https:\/\/ellaphotography.ca\/fr\/wp-json\/wp\/v2\/pages\/51499","targetHints":{"allow":["GET"]}}],"collection":[{"href":"https:\/\/ellaphotography.ca\/fr\/wp-json\/wp\/v2\/pages"}],"about":[{"href":"https:\/\/ellaphotography.ca\/fr\/wp-json\/wp\/v2\/types\/page"}],"author":[{"embeddable":true,"href":"https:\/\/ellaphotography.ca\/fr\/wp-json\/wp\/v2\/users\/6"}],"replies":[{"embeddable":true,"href":"https:\/\/ellaphotography.ca\/fr\/wp-json\/wp\/v2\/comments?post=51499"}],"version-history":[{"count":65,"href":"https:\/\/ellaphotography.ca\/fr\/wp-json\/wp\/v2\/pages\/51499\/revisions"}],"predecessor-version":[{"id":55464,"href":"https:\/\/ellaphotography.ca\/fr\/wp-json\/wp\/v2\/pages\/51499\/revisions\/55464"}],"wp:attachment":[{"href":"https:\/\/ellaphotography.ca\/fr\/wp-json\/wp\/v2\/media?parent=51499"}],"curies":[{"name":"wp","href":"https:\/\/api.w.org\/{rel}","templated":true}]}}